{"id":2734,"date":"2020-11-09T12:48:16","date_gmt":"2020-11-09T11:48:16","guid":{"rendered":"http:\/\/fokus.elektroskandia.se\/?page_id=2734"},"modified":"2020-11-09T12:48:16","modified_gmt":"2020-11-09T11:48:16","slug":"infra","status":"publish","type":"page","link":"https:\/\/fokus.sonepar.se\/?page_id=2734","title":{"rendered":"Infra"},"content":{"rendered":"<p>[et_pb_section fb_built=&#8221;1&#8243; specialty=&#8221;on&#8221; _builder_version=&#8221;4.27.2&#8243; _module_preset=&#8221;default&#8221; custom_padding=&#8221;0px||||false|false&#8221; global_colors_info=&#8221;{}&#8221;][et_pb_column type=&#8221;1_2&#8243; _builder_version=&#8221;4.16&#8243; custom_padding=&#8221;|||&#8221; global_colors_info=&#8221;{}&#8221; custom_padding__hover=&#8221;|||&#8221;][et_pb_text _builder_version=&#8221;4.27.4&#8243; _module_preset=&#8221;default&#8221; hover_enabled=&#8221;0&#8243; global_colors_info=&#8221;{}&#8221; sticky_enabled=&#8221;0&#8243;]<\/p>\n<h2>Sonepar Sveriges avdelning f\u00f6r Infra<\/h2>\n<p>V\u00e5r inriktning \u00e4r mot samh\u00e4llsb\u00e4rande funktioner inom eln\u00e4t, telekom, och andra infrastrukturprojekt. Omr\u00e5den som kr\u00e4ver h\u00f6g kvalitet och tillg\u00e4nglighet, allt ifr\u00e5n mobil verksamhet till att bygga fibern\u00e4t, lokaln\u00e4t och transmissionsn\u00e4t. I eln\u00e4t ligger ocks\u00e5 elektrifiering av j\u00e4rnv\u00e4g, ett h\u00f6gintressant omr\u00e5de d\u00e4r vi vill erbjuda mer av v\u00e5ra l\u00f6sningar. V\u00e5r m\u00e5ls\u00e4ttning \u00e4r att skapa innovativa produkterbjudanden med h\u00f6gsta tillg\u00e4ngligheten f\u00f6r v\u00e5ra kunder som bygger framtidens infrastruktur inom eln\u00e4t, telekom och transportsektorn.<\/p>\n<p>Sonepar Sverige har samlat sin expertis inom Eln\u00e4t, Telekom och J\u00e4rnv\u00e4g under ett organisatoriskt paraply, Infra. Segmenten har liknande branschstruktur och kravst\u00e4llning med en anl\u00e4ggnings\u00e4gare f\u00f6r samh\u00e4llskritisk infrastruktur samt inom respektive disciplin en nischad installat\u00f6rsk\u00e5r med h\u00f6g kompetens och f\u00f6rv\u00e4ntningar.<\/p>\n<p>[\/et_pb_text][\/et_pb_column][et_pb_column type=&#8221;1_2&#8243; specialty_columns=&#8221;2&#8243; _builder_version=&#8221;4.16&#8243; custom_padding=&#8221;|||&#8221; global_colors_info=&#8221;{}&#8221; custom_padding__hover=&#8221;|||&#8221;][et_pb_row_inner _builder_version=&#8221;4.27.2&#8243; _module_preset=&#8221;default&#8221; custom_padding=&#8221;||13px|||&#8221; global_colors_info=&#8221;{}&#8221;][et_pb_column_inner saved_specialty_column_type=&#8221;1_2&#8243; _builder_version=&#8221;4.27.2&#8243; _module_preset=&#8221;default&#8221; global_colors_info=&#8221;{}&#8221;][et_pb_text _builder_version=&#8221;4.21.0&#8243; _module_preset=&#8221;default&#8221; custom_margin=&#8221;||1px|||&#8221; global_colors_info=&#8221;{}&#8221;]<\/p>\n<p><strong>Som gemensam n\u00e4mnare f\u00f6r Infra&#8217;s olika omr\u00e5den g\u00e4ller,<\/strong><\/p>\n<ul>\n<li>H\u00f6g tillg\u00e4nglighet i form av produkter och information<\/li>\n<li>Brett och komplett sortiment av marknadsledande akt\u00f6rer<\/li>\n<li>Flexibla kundanpassade l\u00f6sningar<\/li>\n<li>H\u00e5llbara liksom digitala erbjudande<\/li>\n<li>H\u00f6g kompetensniv\u00e5 f\u00f6r v\u00e4gledning via dedicerad s\u00e4ljk\u00e5r<\/li>\n<\/ul>\n<p>L\u00e4s mer under respektive omr\u00e5de nedan.<br \/><a href=\"https:\/\/fokus.elektroskandia.se\/elnat\/\">Eln\u00e4t<\/a> \u2013 <a href=\"https:\/\/fokus.elektroskandia.se\/jarnvag\/\">J\u00e4rnv\u00e4g<\/a> \u2013 <a href=\"https:\/\/fokus.elektroskandia.se\/telekom\/\">Telekom<\/a> \u2013 <a href=\"https:\/\/tjanster.elektroskandia.se\/\" target=\"_blank\" rel=\"noopener\">Tj\u00e4nster<\/a> \u2013 <a href=\"https:\/\/www.elektroskandia.se\/s?s=NEWTEC&amp;varumarke=newtec\" target=\"_blank\" rel=\"noopener\">NewTec<\/a><\/p>\n<p><a href=\"https:\/\/fokus.elektroskandia.se\/nyhetsbrev\/\">L\u00e4s v\u00e5ra nyhetsbrev h\u00e4r.<\/a><\/p>\n<p>[\/et_pb_text][\/et_pb_column_inner][\/et_pb_row_inner][et_pb_row_inner column_structure=&#8221;1_2,1_2&#8243; _builder_version=&#8221;4.27.2&#8243; _module_preset=&#8221;default&#8221; custom_margin=&#8221;-1px|||||&#8221; custom_padding=&#8221;5px||8px|||&#8221; global_colors_info=&#8221;{}&#8221;][et_pb_column_inner type=&#8221;1_2&#8243; saved_specialty_column_type=&#8221;1_2&#8243; _builder_version=&#8221;4.27.2&#8243; _module_preset=&#8221;default&#8221; global_colors_info=&#8221;{}&#8221;][et_pb_button button_url=&#8221;https:\/\/www.elektroskandia.se\/Organisation\/HamtaPersonal?tjanst=FI&#038;omrade=Verksamhetsomr%C3%A5de&#8221; button_text=&#8221;Kontakta oss p\u00e5 Infra&#8221; button_alignment=&#8221;left&#8221; _builder_version=&#8221;4.21.0&#8243; _module_preset=&#8221;default&#8221; custom_button=&#8221;on&#8221; button_icon=&#8221;&#xf500;||fa||900&#8243; global_colors_info=&#8221;{}&#8221;][\/et_pb_button][\/et_pb_column_inner][et_pb_column_inner type=&#8221;1_2&#8243; saved_specialty_column_type=&#8221;1_2&#8243; _builder_version=&#8221;4.27.2&#8243; _module_preset=&#8221;default&#8221; global_colors_info=&#8221;{}&#8221;][\/et_pb_column_inner][\/et_pb_row_inner][\/et_pb_column][\/et_pb_section][et_pb_section fb_built=&#8221;1&#8243; _builder_version=&#8221;4.16&#8243; custom_padding=&#8221;7px|||||&#8221; global_colors_info=&#8221;{}&#8221;][et_pb_row _builder_version=&#8221;4.16&#8243; custom_padding=&#8221;10px|||||&#8221; global_colors_info=&#8221;{}&#8221;][et_pb_column type=&#8221;4_4&#8243; _builder_version=&#8221;4.16&#8243; global_colors_info=&#8221;{}&#8221;][et_pb_blog fullwidth=&#8221;off&#8221; posts_number=&#8221;9&#8243; include_categories=&#8221;27,8,7,11&#8243; show_author=&#8221;off&#8221; show_date=&#8221;off&#8221; show_categories=&#8221;off&#8221; _builder_version=&#8221;4.16&#8243; global_colors_info=&#8221;{}&#8221;][\/et_pb_blog][\/et_pb_column][\/et_pb_row][\/et_pb_section][et_pb_section fb_built=&#8221;1&#8243; _builder_version=&#8221;4.21.0&#8243; _module_preset=&#8221;default&#8221; global_colors_info=&#8221;{}&#8221;][\/et_pb_section]<\/p>\n","protected":false},"excerpt":{"rendered":"<p>Sonepar Sveriges avdelning f\u00f6r Infra V\u00e5r inriktning \u00e4r mot samh\u00e4llsb\u00e4rande funktioner inom eln\u00e4t, telekom, och andra infrastrukturprojekt. Omr\u00e5den som kr\u00e4ver h\u00f6g kvalitet och tillg\u00e4nglighet, allt ifr\u00e5n mobil verksamhet till att bygga fibern\u00e4t, lokaln\u00e4t och transmissionsn\u00e4t. I eln\u00e4t ligger ocks\u00e5 elektrifiering av j\u00e4rnv\u00e4g, ett h\u00f6gintressant omr\u00e5de d\u00e4r vi vill erbjuda mer av v\u00e5ra l\u00f6sningar. V\u00e5r m\u00e5ls\u00e4ttning [&hellip;]<\/p>\n","protected":false},"author":1,"featured_media":0,"parent":0,"menu_order":0,"comment_status":"closed","ping_status":"closed","template":"","meta":{"_et_pb_use_builder":"on","_et_pb_old_content":"","_et_gb_content_width":"","footnotes":""},"class_list":["post-2734","page","type-page","status-publish","hentry"],"_links":{"self":[{"href":"https:\/\/fokus.sonepar.se\/index.php?rest_route=\/wp\/v2\/pages\/2734","targetHints":{"allow":["GET"]}}],"collection":[{"href":"https:\/\/fokus.sonepar.se\/index.php?rest_route=\/wp\/v2\/pages"}],"about":[{"href":"https:\/\/fokus.sonepar.se\/index.php?rest_route=\/wp\/v2\/types\/page"}],"author":[{"embeddable":true,"href":"https:\/\/fokus.sonepar.se\/index.php?rest_route=\/wp\/v2\/users\/1"}],"replies":[{"embeddable":true,"href":"https:\/\/fokus.sonepar.se\/index.php?rest_route=%2Fwp%2Fv2%2Fcomments&post=2734"}],"version-history":[{"count":0,"href":"https:\/\/fokus.sonepar.se\/index.php?rest_route=\/wp\/v2\/pages\/2734\/revisions"}],"wp:attachment":[{"href":"https:\/\/fokus.sonepar.se\/index.php?rest_route=%2Fwp%2Fv2%2Fmedia&parent=2734"}],"curies":[{"name":"wp","href":"https:\/\/api.w.org\/{rel}","templated":true}]}}