{"id":3380,"date":"2022-01-03T12:34:40","date_gmt":"2022-01-03T11:34:40","guid":{"rendered":"https:\/\/fokus.elektroskandia.se\/?page_id=3380"},"modified":"2022-01-03T12:34:40","modified_gmt":"2022-01-03T11:34:40","slug":"hallbarhet","status":"publish","type":"page","link":"https:\/\/fokus.sonepar.se\/?page_id=3380","title":{"rendered":"H\u00e5llbarhet"},"content":{"rendered":"<p>[et_pb_section fb_built=&#8221;1&#8243; _builder_version=&#8221;4.16&#8243; _module_preset=&#8221;default&#8221; custom_padding=&#8221;||0px|||&#8221; global_colors_info=&#8221;{}&#8221;][et_pb_row column_structure=&#8221;1_2,1_2&#8243; _builder_version=&#8221;4.16&#8243; _module_preset=&#8221;default&#8221; custom_margin=&#8221;|auto|-7px|auto||&#8221; global_colors_info=&#8221;{}&#8221;][et_pb_column type=&#8221;1_2&#8243; _builder_version=&#8221;4.16&#8243; _module_preset=&#8221;default&#8221; global_colors_info=&#8221;{}&#8221;][et_pb_text _builder_version=&#8221;4.16&#8243; _module_preset=&#8221;default&#8221; text_font_size=&#8221;16px&#8221; text_line_height=&#8221;1.6em&#8221; global_colors_info=&#8221;{}&#8221;]<\/p>\n<h1>\u200bH\u00e5llbarhet<\/h1>\n<p>Vi som arbetar p\u00e5 Sonepar Sverige anser att h\u00e5llbarhets-, kvalitets-, milj\u00f6- och arbetsmilj\u00f6fr\u00e5gor\u00a0 \u00e4r viktiga. Vi \u00e4r certifierade mot ISO-standarderna\u00a0 9001, 14001 inkl. STEMFS samt ISO 45001.\u00a0<\/p>\n<p>Kvalitetspolicy, milj\u00f6policy, energipolicy och arbetsmilj\u00f6policy har vi samlat i v\u00e5r <a href=\"https:\/\/www.elektroskandia.se\/Information\/Index\/23\" target=\"_blank\" rel=\"noopener\">h\u00e5llbarhetspolicy.<\/a><strong>\u00a0<\/strong><\/p>\n<p>[\/et_pb_text][\/et_pb_column][et_pb_column type=&#8221;1_2&#8243; _builder_version=&#8221;4.16&#8243; _module_preset=&#8221;default&#8221; global_colors_info=&#8221;{}&#8221;][et_pb_image src=&#8221;https:\/\/fokus.sonepar.se\/wp-content\/uploads\/2022\/01\/Hallbarhet_500.jpg&#8221; title_text=&#8221;Hallbarhet_500&#8243; _builder_version=&#8221;4.16&#8243; _module_preset=&#8221;default&#8221; global_colors_info=&#8221;{}&#8221;][\/et_pb_image][\/et_pb_column][\/et_pb_row][et_pb_row _builder_version=&#8221;4.16&#8243; _module_preset=&#8221;default&#8221; min_height=&#8221;38px&#8221; global_colors_info=&#8221;{}&#8221;][et_pb_column type=&#8221;4_4&#8243; _builder_version=&#8221;4.16&#8243; _module_preset=&#8221;default&#8221; global_colors_info=&#8221;{}&#8221;][et_pb_divider divider_position=&#8221;center&#8221; _builder_version=&#8221;4.16&#8243; global_colors_info=&#8221;{}&#8221;][\/et_pb_divider][\/et_pb_column][\/et_pb_row][\/et_pb_section][et_pb_section fb_built=&#8221;1&#8243; _builder_version=&#8221;4.16&#8243; custom_padding=&#8221;7px|||||&#8221; global_colors_info=&#8221;{}&#8221;][et_pb_row _builder_version=&#8221;4.16&#8243; _module_preset=&#8221;default&#8221; global_colors_info=&#8221;{}&#8221;][et_pb_column type=&#8221;4_4&#8243; _builder_version=&#8221;4.16&#8243; _module_preset=&#8221;default&#8221; global_colors_info=&#8221;{}&#8221;][et_pb_blog fullwidth=&#8221;off&#8221; posts_number=&#8221;9&#8243; include_categories=&#8221;35&#8243; show_author=&#8221;off&#8221; show_date=&#8221;off&#8221; show_categories=&#8221;off&#8221; _builder_version=&#8221;4.16&#8243; global_colors_info=&#8221;{}&#8221;][\/et_pb_blog][\/et_pb_column][\/et_pb_row][\/et_pb_section][et_pb_section fb_built=&#8221;1&#8243; _builder_version=&#8221;4.16&#8243; _module_preset=&#8221;default&#8221; global_colors_info=&#8221;{}&#8221;][\/et_pb_section]<\/p>\n","protected":false},"excerpt":{"rendered":"<p>\u200bH\u00e5llbarhet Vi som arbetar p\u00e5 Sonepar Sverige anser att h\u00e5llbarhets-, kvalitets-, milj\u00f6- och arbetsmilj\u00f6fr\u00e5gor\u00a0 \u00e4r viktiga. Vi \u00e4r certifierade mot ISO-standarderna\u00a0 9001, 14001 inkl. STEMFS samt ISO 45001.\u00a0 Kvalitetspolicy, milj\u00f6policy, energipolicy och arbetsmilj\u00f6policy har vi samlat i v\u00e5r h\u00e5llbarhetspolicy.\u00a0<\/p>\n","protected":false},"author":1,"featured_media":0,"parent":0,"menu_order":0,"comment_status":"closed","ping_status":"closed","template":"","meta":{"_et_pb_use_builder":"on","_et_pb_old_content":"","_et_gb_content_width":"","footnotes":""},"class_list":["post-3380","page","type-page","status-publish","hentry"],"_links":{"self":[{"href":"https:\/\/fokus.sonepar.se\/index.php?rest_route=\/wp\/v2\/pages\/3380","targetHints":{"allow":["GET"]}}],"collection":[{"href":"https:\/\/fokus.sonepar.se\/index.php?rest_route=\/wp\/v2\/pages"}],"about":[{"href":"https:\/\/fokus.sonepar.se\/index.php?rest_route=\/wp\/v2\/types\/page"}],"author":[{"embeddable":true,"href":"https:\/\/fokus.sonepar.se\/index.php?rest_route=\/wp\/v2\/users\/1"}],"replies":[{"embeddable":true,"href":"https:\/\/fokus.sonepar.se\/index.php?rest_route=%2Fwp%2Fv2%2Fcomments&post=3380"}],"version-history":[{"count":0,"href":"https:\/\/fokus.sonepar.se\/index.php?rest_route=\/wp\/v2\/pages\/3380\/revisions"}],"wp:attachment":[{"href":"https:\/\/fokus.sonepar.se\/index.php?rest_route=%2Fwp%2Fv2%2Fmedia&parent=3380"}],"curies":[{"name":"wp","href":"https:\/\/api.w.org\/{rel}","templated":true}]}}