{"id":6399,"date":"2024-08-22T13:38:34","date_gmt":"2024-08-22T11:38:34","guid":{"rendered":"https:\/\/fokus.elektroskandia.se\/?page_id=6399"},"modified":"2024-08-22T13:38:34","modified_gmt":"2024-08-22T11:38:34","slug":"nyhetsbrev","status":"publish","type":"page","link":"https:\/\/fokus.sonepar.se\/?page_id=6399","title":{"rendered":"Nyhetsbrev"},"content":{"rendered":"<p>[et_pb_section fb_built=&#8221;1&#8243; _builder_version=&#8221;4.27.0&#8243; _module_preset=&#8221;default&#8221; global_colors_info=&#8221;{}&#8221;][et_pb_row _builder_version=&#8221;4.27.0&#8243; _module_preset=&#8221;default&#8221; global_colors_info=&#8221;{}&#8221;][et_pb_column type=&#8221;4_4&#8243; _builder_version=&#8221;4.27.0&#8243; _module_preset=&#8221;default&#8221; global_colors_info=&#8221;{}&#8221;][et_pb_divider _builder_version=&#8221;4.27.0&#8243; _module_preset=&#8221;default&#8221; global_colors_info=&#8221;{}&#8221;][\/et_pb_divider][\/et_pb_column][\/et_pb_row][et_pb_row _builder_version=&#8221;4.27.0&#8243; _module_preset=&#8221;default&#8221; global_colors_info=&#8221;{}&#8221;][et_pb_column type=&#8221;4_4&#8243; _builder_version=&#8221;4.27.0&#8243; _module_preset=&#8221;default&#8221; global_colors_info=&#8221;{}&#8221;][et_pb_text _builder_version=&#8221;4.27.4&#8243; _module_preset=&#8221;default&#8221; global_colors_info=&#8221;{}&#8221;]<\/p>\n<h2>Nyhetsbrev fr\u00e5n Elektroskandias aff\u00e4rsomr\u00e5den &#8211; 2025<\/h2>\n<p>[\/et_pb_text][\/et_pb_column][\/et_pb_row][et_pb_row column_structure=&#8221;1_5,1_5,1_5,1_5,1_5&#8243; _builder_version=&#8221;4.27.4&#8243; _module_preset=&#8221;default&#8221; global_colors_info=&#8221;{}&#8221;][et_pb_column type=&#8221;1_5&#8243; _builder_version=&#8221;4.27.0&#8243; _module_preset=&#8221;default&#8221; global_colors_info=&#8221;{}&#8221;][et_pb_image src=&#8221;https:\/\/fokus.sonepar.se\/wp-content\/uploads\/2025\/03\/Sidhuvud_Elektroskandia_sakerhet_nr2.png&#8221; title_text=&#8221;Sidhuvud_Elektroskandia_sakerhet_nr2&#8243; url=&#8221;https:\/\/9a22dc3da2694e8c9f9dc1ce03ce11ab.marketingusercontent.com\/m\/view\/sq67kNY6bMc2vl8zF6XSTULCOOMui77MzxRGfAHrymAx#msdynttrid=kBphTtdWVNS12pd8YWm6RcFO7abDFmb2MNnZQw0hxi0&#8243; url_new_window=&#8221;on&#8221; _builder_version=&#8221;4.27.4&#8243; _module_preset=&#8221;default&#8221; global_colors_info=&#8221;{}&#8221;][\/et_pb_image][et_pb_button button_url=&#8221;https:\/\/9a22dc3da2694e8c9f9dc1ce03ce11ab.marketingusercontent.com\/m\/view\/QTolIgAHna6pDRX9t99ixzdWIFJmsgwfQYujbnxHp8sx#msdynttrid=5T5tJgPhB3dngPYzpVTevW12moV3y0rfwNV7jma1duc&#8221; url_new_window=&#8221;on&#8221; button_text=&#8221;Nyhetsbrev 1&#8243; button_alignment=&#8221;center&#8221; _builder_version=&#8221;4.27.4&#8243; _module_preset=&#8221;default&#8221; custom_button=&#8221;on&#8221; button_text_size=&#8221;14px&#8221; button_icon=&#8221;&#xf1ea;||fa||400&#8243; global_colors_info=&#8221;{}&#8221;][\/et_pb_button][et_pb_button button_url=&#8221;https:\/\/9a22dc3da2694e8c9f9dc1ce03ce11ab.marketingusercontent.com\/m\/view\/lCGHQeYA4fkzyjPYnBbpQ3aiDiH0F6ZpNrbwI1CVK4ox#msdynttrid=DPGfoh8ij2mjo-Vczgox9C9Nj8athkorqFuBfmE-NBQ&#8221; url_new_window=&#8221;on&#8221; button_text=&#8221;Nyhetsbrev 2&#8243; button_alignment=&#8221;center&#8221; _builder_version=&#8221;4.27.4&#8243; _module_preset=&#8221;default&#8221; custom_button=&#8221;on&#8221; button_text_size=&#8221;14px&#8221; button_icon=&#8221;&#xf1ea;||fa||400&#8243; global_colors_info=&#8221;{}&#8221;][\/et_pb_button][\/et_pb_column][et_pb_column type=&#8221;1_5&#8243; _builder_version=&#8221;4.27.0&#8243; _module_preset=&#8221;default&#8221; global_colors_info=&#8221;{}&#8221;][et_pb_image src=&#8221;https:\/\/fokus.sonepar.se\/wp-content\/uploads\/2024\/08\/nyhetsbrev-industri.png&#8221; title_text=&#8221;nyhetsbrev industri&#8221; url=&#8221;https:\/\/9a22dc3da2694e8c9f9dc1ce03ce11ab.marketingusercontent.com\/m\/view\/sq67kNY6bMc2vl8zF6XSTULCOOMui77MzxRGfAHrymAx#msdynttrid=kBphTtdWVNS12pd8YWm6RcFO7abDFmb2MNnZQw0hxi0&#8243; url_new_window=&#8221;on&#8221; _builder_version=&#8221;4.27.0&#8243; _module_preset=&#8221;default&#8221; global_colors_info=&#8221;{}&#8221;][\/et_pb_image][et_pb_button button_url=&#8221;https:\/\/9a22dc3da2694e8c9f9dc1ce03ce11ab.marketingusercontent.com\/m\/view\/cF9j9MeTxryEEOWoFn3xvTNNT26eYqSm3JYACzQKe5Mx#msdynttrid=aTP44sjzhY_DV4GSU9jjqJhXv4aJmJJnRV97txXA0Sk&#8221; url_new_window=&#8221;on&#8221; button_text=&#8221;Nyhetsbrev 1&#8243; button_alignment=&#8221;center&#8221; _builder_version=&#8221;4.27.4&#8243; _module_preset=&#8221;default&#8221; custom_button=&#8221;on&#8221; button_text_size=&#8221;14px&#8221; button_icon=&#8221;&#xf1ea;||fa||400&#8243; global_colors_info=&#8221;{}&#8221;][\/et_pb_button][\/et_pb_column][et_pb_column type=&#8221;1_5&#8243; _builder_version=&#8221;4.27.0&#8243; _module_preset=&#8221;default&#8221; global_colors_info=&#8221;{}&#8221;][et_pb_image src=&#8221;https:\/\/fokus.sonepar.se\/wp-content\/uploads\/2025\/03\/Sidhuvud_Elektroskandia_elinstallation_nr2.png&#8221; title_text=&#8221;Sidhuvud_Elektroskandia_elinstallation_nr2&#8243; _builder_version=&#8221;4.27.4&#8243; _module_preset=&#8221;default&#8221; global_colors_info=&#8221;{}&#8221;][\/et_pb_image][et_pb_button button_url=&#8221;https:\/\/9a22dc3da2694e8c9f9dc1ce03ce11ab.marketingusercontent.com\/m\/view\/11LfkK8i29ABsLMFhYg5kiH6vmpJCSNjRIA8FDafxrkx#msdynttrid=QRUP_KheHhMvd6dUO1jHbdqqNOkAuLoujvTI-ZjBRUE&#8221; url_new_window=&#8221;on&#8221; button_text=&#8221;Nyhetsbrev 1&#8243; button_alignment=&#8221;center&#8221; _builder_version=&#8221;4.27.4&#8243; _module_preset=&#8221;default&#8221; custom_button=&#8221;on&#8221; button_text_size=&#8221;14px&#8221; button_icon=&#8221;&#xf1ea;||fa||400&#8243; global_colors_info=&#8221;{}&#8221;][\/et_pb_button][et_pb_button button_url=&#8221;https:\/\/9a22dc3da2694e8c9f9dc1ce03ce11ab.marketingusercontent.com\/m\/view\/bGoxEXrSxFUOvEY9eIFeHJIWwuGF7RxUHN0kBRODwbYx#msdynttrid=e4YSohaqMD7SaN3NdjAYCk5s7Qqe9n-Ddtcnyeoi1bs&#8221; url_new_window=&#8221;on&#8221; button_text=&#8221;Nyhetsbrev 2&#8243; button_alignment=&#8221;center&#8221; _builder_version=&#8221;4.27.4&#8243; _module_preset=&#8221;default&#8221; custom_button=&#8221;on&#8221; button_text_size=&#8221;14px&#8221; button_icon=&#8221;&#xf1ea;||fa||400&#8243; global_colors_info=&#8221;{}&#8221;][\/et_pb_button][\/et_pb_column][et_pb_column type=&#8221;1_5&#8243; _builder_version=&#8221;4.27.0&#8243; _module_preset=&#8221;default&#8221; global_colors_info=&#8221;{}&#8221;][et_pb_image src=&#8221;https:\/\/fokus.sonepar.se\/wp-content\/uploads\/2024\/10\/Sidhuvud_infra.png&#8221; title_text=&#8221;Sidhuvud_infra&#8221; _builder_version=&#8221;4.27.0&#8243; _module_preset=&#8221;default&#8221; global_colors_info=&#8221;{}&#8221;][\/et_pb_image][et_pb_button button_url=&#8221;https:\/\/9a22dc3da2694e8c9f9dc1ce03ce11ab.marketingusercontent.com\/m\/view\/xwijLRjp49I88GgVNPk7Xb5SzpcqQe2e1dnBjCAYZoox&#8221; url_new_window=&#8221;on&#8221; button_text=&#8221;Nyhetsbrev 1&#8243; button_alignment=&#8221;center&#8221; _builder_version=&#8221;4.27.4&#8243; _module_preset=&#8221;default&#8221; custom_button=&#8221;on&#8221; button_text_size=&#8221;14px&#8221; button_icon=&#8221;&#xf1ea;||fa||400&#8243; global_colors_info=&#8221;{}&#8221;][\/et_pb_button][\/et_pb_column][et_pb_column type=&#8221;1_5&#8243; _builder_version=&#8221;4.27.0&#8243; _module_preset=&#8221;default&#8221; global_colors_info=&#8221;{}&#8221;][et_pb_image src=&#8221;https:\/\/fokus.sonepar.se\/wp-content\/uploads\/2024\/08\/nyhetsbrev-fastighet-El.png&#8221; title_text=&#8221;nyhetsbrev fastighet El&#8221; _builder_version=&#8221;4.27.0&#8243; _module_preset=&#8221;default&#8221; global_colors_info=&#8221;{}&#8221;][\/et_pb_image][et_pb_button button_url=&#8221;https:\/\/9a22dc3da2694e8c9f9dc1ce03ce11ab.marketingusercontent.com\/m\/view\/J6R7lXMY79bd15dKNVnUKgDXPkiGe6cjxMVPfycLLzgx#msdynttrid=cDFXsmWHAfnHV_3uhKmqiRPPe126T6GRwkw410ondO8&#8243; url_new_window=&#8221;on&#8221; button_text=&#8221;Nyhetsbrev 1&#8243; button_alignment=&#8221;center&#8221; _builder_version=&#8221;4.27.4&#8243; _module_preset=&#8221;default&#8221; custom_button=&#8221;on&#8221; button_text_size=&#8221;14px&#8221; button_icon=&#8221;&#xf1ea;||fa||400&#8243; global_colors_info=&#8221;{}&#8221;][\/et_pb_button][\/et_pb_column][\/et_pb_row][\/et_pb_section][et_pb_section fb_built=&#8221;1&#8243; _builder_version=&#8221;4.27.0&#8243; _module_preset=&#8221;default&#8221; global_colors_info=&#8221;{}&#8221;][et_pb_row _builder_version=&#8221;4.27.0&#8243; _module_preset=&#8221;default&#8221; global_colors_info=&#8221;{}&#8221;][et_pb_column type=&#8221;4_4&#8243; _builder_version=&#8221;4.27.0&#8243; _module_preset=&#8221;default&#8221; global_colors_info=&#8221;{}&#8221;][et_pb_divider _builder_version=&#8221;4.27.0&#8243; _module_preset=&#8221;default&#8221; global_colors_info=&#8221;{}&#8221;][\/et_pb_divider][\/et_pb_column][\/et_pb_row][et_pb_row _builder_version=&#8221;4.27.0&#8243; _module_preset=&#8221;default&#8221; global_colors_info=&#8221;{}&#8221;][et_pb_column type=&#8221;4_4&#8243; _builder_version=&#8221;4.27.0&#8243; _module_preset=&#8221;default&#8221; global_colors_info=&#8221;{}&#8221;][et_pb_text _builder_version=&#8221;4.27.0&#8243; _module_preset=&#8221;default&#8221; global_colors_info=&#8221;{}&#8221;]<\/p>\n<h2>Nyhetsbrev fr\u00e5n Elektroskandias aff\u00e4rsomr\u00e5den &#8211; 2024<\/h2>\n<p>[\/et_pb_text][\/et_pb_column][\/et_pb_row][et_pb_row column_structure=&#8221;1_5,1_5,1_5,1_5,1_5&#8243; _builder_version=&#8221;4.27.4&#8243; _module_preset=&#8221;default&#8221; global_colors_info=&#8221;{}&#8221;][et_pb_column type=&#8221;1_5&#8243; _builder_version=&#8221;4.27.0&#8243; _module_preset=&#8221;default&#8221; global_colors_info=&#8221;{}&#8221;][et_pb_image src=&#8221;https:\/\/fokus.sonepar.se\/wp-content\/uploads\/2024\/08\/nyhetsbrev-sak.png&#8221; title_text=&#8221;nyhetsbrev s\u00e4k&#8221; url=&#8221;https:\/\/9a22dc3da2694e8c9f9dc1ce03ce11ab.marketingusercontent.com\/m\/view\/sq67kNY6bMc2vl8zF6XSTULCOOMui77MzxRGfAHrymAx#msdynttrid=kBphTtdWVNS12pd8YWm6RcFO7abDFmb2MNnZQw0hxi0&#8243; url_new_window=&#8221;on&#8221; _builder_version=&#8221;4.27.0&#8243; _module_preset=&#8221;default&#8221; global_colors_info=&#8221;{}&#8221;][\/et_pb_image][et_pb_button button_url=&#8221;https:\/\/9a22dc3da2694e8c9f9dc1ce03ce11ab.marketingusercontent.com\/m\/view\/Qn4tzNvbrlS5KGO8EfrBYxR78mnVxHQuj1wls2RxPqUx#msdynttrid=meUu0QUjYST79ThdcMyiMz5hskMxVARua15o9j_KD1M&#8221; url_new_window=&#8221;on&#8221; button_text=&#8221;Nyhetsbrev 1&#8243; button_alignment=&#8221;center&#8221; _builder_version=&#8221;4.27.4&#8243; _module_preset=&#8221;default&#8221; custom_button=&#8221;on&#8221; button_text_size=&#8221;14px&#8221; button_icon=&#8221;&#xf1ea;||fa||400&#8243; global_colors_info=&#8221;{}&#8221;][\/et_pb_button][et_pb_button button_url=&#8221;https:\/\/9a22dc3da2694e8c9f9dc1ce03ce11ab.marketingusercontent.com\/m\/view\/BFrsGUc6DRT0HHAYXjgNIcq4JyXgRS38N0ak3HRBrWcx#msdynttrid=UzKWTidWD5Uq45Zz7doltF6fgPf3czu7YvSvlHCc4as&#8221; url_new_window=&#8221;on&#8221; button_text=&#8221;Nyhetsbrev 2&#8243; button_alignment=&#8221;center&#8221; _builder_version=&#8221;4.27.4&#8243; _module_preset=&#8221;default&#8221; custom_button=&#8221;on&#8221; button_text_size=&#8221;14px&#8221; button_icon=&#8221;&#xf1ea;||fa||400&#8243; global_colors_info=&#8221;{}&#8221;][\/et_pb_button][et_pb_button button_url=&#8221;https:\/\/9a22dc3da2694e8c9f9dc1ce03ce11ab.marketingusercontent.com\/m\/view\/uEyVXZKvkhmPuBaPKaj9Zzx8zuDowG1gX5C5Co2Tyhkx#msdynttrid=fZpGKecf3lDtwyscIbQOVs9CTkXHR7exrTq_YZGF-cs&#8221; url_new_window=&#8221;on&#8221; button_text=&#8221;Nyhetsbrev 3&#8243; button_alignment=&#8221;center&#8221; _builder_version=&#8221;4.27.4&#8243; _module_preset=&#8221;default&#8221; custom_button=&#8221;on&#8221; button_text_size=&#8221;14px&#8221; button_icon=&#8221;&#xf1ea;||fa||400&#8243; global_colors_info=&#8221;{}&#8221;][\/et_pb_button][et_pb_button button_url=&#8221;https:\/\/9a22dc3da2694e8c9f9dc1ce03ce11ab.marketingusercontent.com\/m\/view\/hSXpkroxHE5kZuxHMOXwuTaC5R5sdkNrKxtqxl3WW8Qx#msdynttrid=1nOEC5Wv-uycPyQ7LzaFivApgEnsd4sg_35WS3Bofks&#8221; url_new_window=&#8221;on&#8221; button_text=&#8221;Nyhetsbrev 4&#8243; button_alignment=&#8221;center&#8221; _builder_version=&#8221;4.27.4&#8243; _module_preset=&#8221;default&#8221; custom_button=&#8221;on&#8221; button_text_size=&#8221;14px&#8221; button_icon=&#8221;&#xf1ea;||fa||400&#8243; global_colors_info=&#8221;{}&#8221;][\/et_pb_button][\/et_pb_column][et_pb_column type=&#8221;1_5&#8243; _builder_version=&#8221;4.27.0&#8243; _module_preset=&#8221;default&#8221; global_colors_info=&#8221;{}&#8221;][et_pb_image src=&#8221;https:\/\/fokus.sonepar.se\/wp-content\/uploads\/2024\/08\/nyhetsbrev-industri.png&#8221; title_text=&#8221;nyhetsbrev industri&#8221; url=&#8221;https:\/\/9a22dc3da2694e8c9f9dc1ce03ce11ab.marketingusercontent.com\/m\/view\/sq67kNY6bMc2vl8zF6XSTULCOOMui77MzxRGfAHrymAx#msdynttrid=kBphTtdWVNS12pd8YWm6RcFO7abDFmb2MNnZQw0hxi0&#8243; url_new_window=&#8221;on&#8221; _builder_version=&#8221;4.27.0&#8243; _module_preset=&#8221;default&#8221; global_colors_info=&#8221;{}&#8221;][\/et_pb_image][et_pb_button button_url=&#8221;https:\/\/9a22dc3da2694e8c9f9dc1ce03ce11ab.marketingusercontent.com\/m\/view\/3ARI1ChegvQh2zfOFrrDVPd54s3JUCtuGX8nKgQEgQkx#msdynttrid=SVB2Bwr3UQvC8aJPQkexPfCByC8bYVhSXA8c7FMfbdY&#8221; url_new_window=&#8221;on&#8221; button_text=&#8221;Nyhetsbrev 1&#8243; button_alignment=&#8221;center&#8221; _builder_version=&#8221;4.27.4&#8243; _module_preset=&#8221;default&#8221; custom_button=&#8221;on&#8221; button_text_size=&#8221;14px&#8221; button_icon=&#8221;&#xf1ea;||fa||400&#8243; global_colors_info=&#8221;{}&#8221;][\/et_pb_button][et_pb_button button_url=&#8221;https:\/\/9a22dc3da2694e8c9f9dc1ce03ce11ab.marketingusercontent.com\/m\/view\/TlNcnvEW41WVQdPYq5HyW0Zx7TYBjtslnSs4vn0O66wx#msdynttrid=awKvA8VjZQEUDhKqPwmdRV_agimGfHvVhKI5QpaNLr4&#8243; url_new_window=&#8221;on&#8221; button_text=&#8221;Nyhetsbrev 2&#8243; button_alignment=&#8221;center&#8221; _builder_version=&#8221;4.27.4&#8243; _module_preset=&#8221;default&#8221; custom_button=&#8221;on&#8221; button_text_size=&#8221;14px&#8221; button_icon=&#8221;&#xf1ea;||fa||400&#8243; global_colors_info=&#8221;{}&#8221;][\/et_pb_button][et_pb_button button_url=&#8221;https:\/\/9a22dc3da2694e8c9f9dc1ce03ce11ab.marketingusercontent.com\/m\/view\/W19ic6I1mhqoApsClxlptT1jHEcAciZTH2GSSXLRHWcx#msdynttrid=2AWL77KcDrfrhTMowpxCUU847Y2PAIhZfzeKIpsMxYw&#8221; url_new_window=&#8221;on&#8221; button_text=&#8221;Nyhetsbrev 3&#8243; button_alignment=&#8221;center&#8221; _builder_version=&#8221;4.27.4&#8243; _module_preset=&#8221;default&#8221; custom_button=&#8221;on&#8221; button_text_size=&#8221;14px&#8221; button_icon=&#8221;&#xf1ea;||fa||400&#8243; global_colors_info=&#8221;{}&#8221;][\/et_pb_button][\/et_pb_column][et_pb_column type=&#8221;1_5&#8243; _builder_version=&#8221;4.27.0&#8243; _module_preset=&#8221;default&#8221; global_colors_info=&#8221;{}&#8221;][et_pb_image src=&#8221;https:\/\/fokus.sonepar.se\/wp-content\/uploads\/2024\/08\/nyhetsbrev-El.png&#8221; title_text=&#8221;nyhetsbrev El&#8221; _builder_version=&#8221;4.27.0&#8243; _module_preset=&#8221;default&#8221; global_colors_info=&#8221;{}&#8221;][\/et_pb_image][et_pb_button button_url=&#8221;https:\/\/9a22dc3da2694e8c9f9dc1ce03ce11ab.marketingusercontent.com\/m\/view\/tbUGgqrhlDd1ChMussj3QE0vA7gxxeCUYHacm3HnrkUx#msdynttrid=UugD5lFwyJ1NjF3whKi_PJ8_UdEPN23Z1-vjAxpp2Fc&#8221; url_new_window=&#8221;on&#8221; button_text=&#8221;Nyhetsbrev 1&#8243; button_alignment=&#8221;center&#8221; _builder_version=&#8221;4.27.4&#8243; _module_preset=&#8221;default&#8221; custom_button=&#8221;on&#8221; button_text_size=&#8221;14px&#8221; button_icon=&#8221;&#xf1ea;||fa||400&#8243; global_colors_info=&#8221;{}&#8221;][\/et_pb_button][et_pb_button button_url=&#8221;https:\/\/9a22dc3da2694e8c9f9dc1ce03ce11ab.marketingusercontent.com\/m\/view\/1fi18KdbOX0N8FVHkK2a2KC5ARGzVLDbxLGXxxeirT8x#msdynttrid=pDazlTa8GGq71l7WBSO5b03sco48Bs77nRTDHEiqIyY&#8221; url_new_window=&#8221;on&#8221; button_text=&#8221;Nyhetsbrev 2&#8243; button_alignment=&#8221;center&#8221; _builder_version=&#8221;4.27.4&#8243; _module_preset=&#8221;default&#8221; custom_button=&#8221;on&#8221; button_text_size=&#8221;14px&#8221; button_icon=&#8221;&#xf1ea;||fa||400&#8243; global_colors_info=&#8221;{}&#8221;][\/et_pb_button][et_pb_button button_url=&#8221;https:\/\/9a22dc3da2694e8c9f9dc1ce03ce11ab.marketingusercontent.com\/m\/view\/xgqx4BtVqFa7HJH0NNgJlGi8wIJDxmzKP9dV2vl2R6ox#msdynttrid=XmBRlM2p7n7hKdx91pT3g_N6&#8211;DSOIEi0Mac7xN212I&#8221; url_new_window=&#8221;on&#8221; button_text=&#8221;Nyhetsbrev 3&#8243; button_alignment=&#8221;center&#8221; _builder_version=&#8221;4.27.4&#8243; _module_preset=&#8221;default&#8221; custom_button=&#8221;on&#8221; button_text_size=&#8221;14px&#8221; button_icon=&#8221;&#xf1ea;||fa||400&#8243; global_colors_info=&#8221;{}&#8221;][\/et_pb_button][et_pb_button button_url=&#8221;https:\/\/9a22dc3da2694e8c9f9dc1ce03ce11ab.marketingusercontent.com\/m\/view\/0XtGlr0ojGgVQXi8DVtYxJ2pbmx1IHMQhMS1SD4rjGEx#msdynttrid=LA4GYw8OftQeEuleo8u4aUYGDYhcsuukiCyljeuTbJ4&#8243; url_new_window=&#8221;on&#8221; button_text=&#8221;Nyhetsbrev 4&#8243; button_alignment=&#8221;center&#8221; _builder_version=&#8221;4.27.4&#8243; _module_preset=&#8221;default&#8221; custom_button=&#8221;on&#8221; button_text_size=&#8221;14px&#8221; button_icon=&#8221;&#xf1ea;||fa||400&#8243; global_colors_info=&#8221;{}&#8221;][\/et_pb_button][et_pb_button button_url=&#8221;https:\/\/9a22dc3da2694e8c9f9dc1ce03ce11ab.marketingusercontent.com\/m\/view\/XvcrAjGwNDtIxLl7YPx4z7L8fAa4h7gOeCN3xjqiF6Qx#msdynttrid=Al5BNWArfn-2FXpnlMHIPgOWhkFw8tgh1uCTaKw9VI4&#8243; url_new_window=&#8221;on&#8221; button_text=&#8221;Nyhetsbrev 5&#8243; button_alignment=&#8221;center&#8221; _builder_version=&#8221;4.27.4&#8243; _module_preset=&#8221;default&#8221; custom_button=&#8221;on&#8221; button_text_size=&#8221;14px&#8221; button_icon=&#8221;&#xf1ea;||fa||400&#8243; global_colors_info=&#8221;{}&#8221;][\/et_pb_button][\/et_pb_column][et_pb_column type=&#8221;1_5&#8243; _builder_version=&#8221;4.27.0&#8243; _module_preset=&#8221;default&#8221; global_colors_info=&#8221;{}&#8221;][et_pb_image src=&#8221;https:\/\/fokus.sonepar.se\/wp-content\/uploads\/2024\/10\/Sidhuvud_infra.png&#8221; title_text=&#8221;Sidhuvud_infra&#8221; _builder_version=&#8221;4.27.0&#8243; _module_preset=&#8221;default&#8221; global_colors_info=&#8221;{}&#8221;][\/et_pb_image][et_pb_button button_url=&#8221;https:\/\/9a22dc3da2694e8c9f9dc1ce03ce11ab.marketingusercontent.com\/m\/view\/Kd6BdUxEIsN7Euxx7xVvIWcut7lowDxezRtfBtOzCQQx&#8221; url_new_window=&#8221;on&#8221; button_text=&#8221;Nyhetsbrev 1&#8243; button_alignment=&#8221;center&#8221; _builder_version=&#8221;4.27.4&#8243; _module_preset=&#8221;default&#8221; custom_button=&#8221;on&#8221; button_text_size=&#8221;14px&#8221; button_icon=&#8221;&#xf1ea;||fa||400&#8243; global_colors_info=&#8221;{}&#8221;][\/et_pb_button][et_pb_button button_url=&#8221;https:\/\/9a22dc3da2694e8c9f9dc1ce03ce11ab.marketingusercontent.com\/m\/view\/MkcOngsdWxxo70ljduhzPW0ZN9xTIxHDqHGtzZodR94x&#8221; url_new_window=&#8221;on&#8221; button_text=&#8221;Nyhetsbrev 2&#8243; button_alignment=&#8221;center&#8221; _builder_version=&#8221;4.27.4&#8243; _module_preset=&#8221;default&#8221; custom_button=&#8221;on&#8221; button_text_size=&#8221;14px&#8221; button_icon=&#8221;&#xf1ea;||fa||400&#8243; global_colors_info=&#8221;{}&#8221;][\/et_pb_button][et_pb_button button_url=&#8221;https:\/\/9a22dc3da2694e8c9f9dc1ce03ce11ab.marketingusercontent.com\/m\/view\/XBoOhv4kfx8wV2PZvKZOWVyCQg8IHjfxXkY4ZcI7lxMx&#8221; url_new_window=&#8221;on&#8221; button_text=&#8221;Nyhetsbrev 3&#8243; button_alignment=&#8221;center&#8221; _builder_version=&#8221;4.27.4&#8243; _module_preset=&#8221;default&#8221; custom_button=&#8221;on&#8221; button_text_size=&#8221;14px&#8221; button_icon=&#8221;&#xf1ea;||fa||400&#8243; global_colors_info=&#8221;{}&#8221;][\/et_pb_button][et_pb_button button_url=&#8221;https:\/\/9a22dc3da2694e8c9f9dc1ce03ce11ab.marketingusercontent.com\/m\/view\/dxYnTJRWMx60c3ePUQ95Ofxy5yxp80im2GlXja8xDTEx&#8221; url_new_window=&#8221;on&#8221; button_text=&#8221;Nyhetsbrev 4&#8243; button_alignment=&#8221;center&#8221; _builder_version=&#8221;4.27.4&#8243; _module_preset=&#8221;default&#8221; custom_button=&#8221;on&#8221; button_text_size=&#8221;14px&#8221; button_icon=&#8221;&#xf1ea;||fa||400&#8243; global_colors_info=&#8221;{}&#8221;][\/et_pb_button][\/et_pb_column][et_pb_column type=&#8221;1_5&#8243; _builder_version=&#8221;4.27.0&#8243; _module_preset=&#8221;default&#8221; global_colors_info=&#8221;{}&#8221;][et_pb_image src=&#8221;https:\/\/fokus.sonepar.se\/wp-content\/uploads\/2024\/08\/nyhetsbrev-fastighet-El.png&#8221; title_text=&#8221;nyhetsbrev fastighet El&#8221; _builder_version=&#8221;4.27.0&#8243; _module_preset=&#8221;default&#8221; global_colors_info=&#8221;{}&#8221;][\/et_pb_image][et_pb_button button_url=&#8221;https:\/\/9a22dc3da2694e8c9f9dc1ce03ce11ab.marketingusercontent.com\/m\/view\/9Ab1PRWmc7Vh3m1EFHG9l6TEla5PzJxMBxoGk08lxrAx#msdynttrid=1sFO17r3J_oJrmax1QuJ-ETUt8d5OnvlI2N_uUOLS2c&#8221; url_new_window=&#8221;on&#8221; button_text=&#8221;Nyhetsbrev 1&#8243; button_alignment=&#8221;center&#8221; _builder_version=&#8221;4.27.4&#8243; _module_preset=&#8221;default&#8221; custom_button=&#8221;on&#8221; button_text_size=&#8221;14px&#8221; button_icon=&#8221;&#xf1ea;||fa||400&#8243; global_colors_info=&#8221;{}&#8221;][\/et_pb_button][et_pb_button button_url=&#8221;https:\/\/9a22dc3da2694e8c9f9dc1ce03ce11ab.marketingusercontent.com\/m\/view\/zduYHGMkWmfsSSQgyjvu4vRX9a33NrMlgtzXIRsNpDox#msdynttrid=nGLeKBZdjjsmihfpTdiqyn6_7GyHaocFPera5G5GGjM&#8221; url_new_window=&#8221;on&#8221; button_text=&#8221;Nyhetsbrev 2&#8243; button_alignment=&#8221;center&#8221; _builder_version=&#8221;4.27.4&#8243; _module_preset=&#8221;default&#8221; custom_button=&#8221;on&#8221; button_text_size=&#8221;14px&#8221; button_icon=&#8221;&#xf1ea;||fa||400&#8243; global_colors_info=&#8221;{}&#8221;][\/et_pb_button][et_pb_button button_url=&#8221;https:\/\/9a22dc3da2694e8c9f9dc1ce03ce11ab.marketingusercontent.com\/m\/view\/KlfViJdHoFNh6bjdxNZmlx0mnk4gAQZd3RehMMJFDdgx#msdynttrid=dbMcUqhzMOPofaf_FT_p75kF88T3sVumVs0kyWjY-ws&#8221; url_new_window=&#8221;on&#8221; button_text=&#8221;Nyhetsbrev 3&#8243; button_alignment=&#8221;center&#8221; _builder_version=&#8221;4.27.4&#8243; _module_preset=&#8221;default&#8221; custom_button=&#8221;on&#8221; button_text_size=&#8221;14px&#8221; button_icon=&#8221;&#xf1ea;||fa||400&#8243; global_colors_info=&#8221;{}&#8221;][\/et_pb_button][\/et_pb_column][\/et_pb_row][\/et_pb_section]<\/p>\n","protected":false},"excerpt":{"rendered":"<p>Nyhetsbrev fr\u00e5n Elektroskandias aff\u00e4rsomr\u00e5den &#8211; 2025Nyhetsbrev fr\u00e5n Elektroskandias aff\u00e4rsomr\u00e5den &#8211; 2024<\/p>\n","protected":false},"author":1,"featured_media":0,"parent":0,"menu_order":0,"comment_status":"closed","ping_status":"closed","template":"","meta":{"_et_pb_use_builder":"on","_et_pb_old_content":"","_et_gb_content_width":"","footnotes":""},"class_list":["post-6399","page","type-page","status-publish","hentry"],"_links":{"self":[{"href":"https:\/\/fokus.sonepar.se\/index.php?rest_route=\/wp\/v2\/pages\/6399","targetHints":{"allow":["GET"]}}],"collection":[{"href":"https:\/\/fokus.sonepar.se\/index.php?rest_route=\/wp\/v2\/pages"}],"about":[{"href":"https:\/\/fokus.sonepar.se\/index.php?rest_route=\/wp\/v2\/types\/page"}],"author":[{"embeddable":true,"href":"https:\/\/fokus.sonepar.se\/index.php?rest_route=\/wp\/v2\/users\/1"}],"replies":[{"embeddable":true,"href":"https:\/\/fokus.sonepar.se\/index.php?rest_route=%2Fwp%2Fv2%2Fcomments&post=6399"}],"version-history":[{"count":0,"href":"https:\/\/fokus.sonepar.se\/index.php?rest_route=\/wp\/v2\/pages\/6399\/revisions"}],"wp:attachment":[{"href":"https:\/\/fokus.sonepar.se\/index.php?rest_route=%2Fwp%2Fv2%2Fmedia&parent=6399"}],"curies":[{"name":"wp","href":"https:\/\/api.w.org\/{rel}","templated":true}]}}