{"id":753,"date":"2018-09-28T09:25:23","date_gmt":"2018-09-28T09:25:23","guid":{"rendered":"http:\/\/volt.elektroskandia.se\/?page_id=753"},"modified":"2018-09-28T09:25:23","modified_gmt":"2018-09-28T09:25:23","slug":"industri","status":"publish","type":"page","link":"https:\/\/fokus.sonepar.se\/?page_id=753","title":{"rendered":"Industri"},"content":{"rendered":"<p>[et_pb_section fb_built=&#8221;1&#8243; _builder_version=&#8221;4.21.0&#8243; _module_preset=&#8221;default&#8221; global_colors_info=&#8221;{}&#8221;][et_pb_row column_structure=&#8221;2_3,1_3&#8243; _builder_version=&#8221;4.21.0&#8243; _module_preset=&#8221;default&#8221; global_colors_info=&#8221;{}&#8221;][et_pb_column type=&#8221;2_3&#8243; _builder_version=&#8221;4.21.0&#8243; _module_preset=&#8221;default&#8221; global_colors_info=&#8221;{}&#8221;][et_pb_text _builder_version=&#8221;4.27.4&#8243; _module_preset=&#8221;default&#8221; global_colors_info=&#8221;{}&#8221;]<\/p>\n<h1>V\u00e4lkommen till v\u00e5r adelning f\u00f6r Industri.<\/h1>\n<p>Sveriges ledande distribut\u00f6r av automation och industrif\u00f6rn\u00f6denheter. V\u00e5r personal har gedigen teknisk kompetens och djup kunskap inom omr\u00e5det Automation. F\u00f6rutom att erbjuda intelligenta och optimala produkter anpassade f\u00f6r varandra, s\u00e4tter v\u00e5ra logistikl\u00f6sningar niv\u00e5n i branschen.<\/p>\n<p>Din partner f\u00f6r \u00f6kad effektivitet<\/p>\n<p><a href=\"https:\/\/www.elektroskandia.se\/bildnavigering?id=30\" target=\"_blank\" rel=\"noopener\">Se v\u00e5ra automationsprodukter h\u00e4r!<\/a><\/p>\n<p><a href=\"https:\/\/fokus.elektroskandia.se\/nyhetsbrev\/\">L\u00e4s v\u00e5ra nyhetsbrev h\u00e4r!<\/a><\/p>\n<p>[\/et_pb_text][\/et_pb_column][et_pb_column type=&#8221;1_3&#8243; _builder_version=&#8221;4.21.0&#8243; _module_preset=&#8221;default&#8221; global_colors_info=&#8221;{}&#8221;][et_pb_image src=&#8221;https:\/\/fokus.sonepar.se\/wp-content\/uploads\/2023\/06\/industry.png&#8221; title_text=&#8221;industry&#8221; _builder_version=&#8221;4.21.0&#8243; _module_preset=&#8221;default&#8221; global_colors_info=&#8221;{}&#8221;][\/et_pb_image][\/et_pb_column][\/et_pb_row][et_pb_row column_structure=&#8221;1_3,1_3,1_3&#8243; make_equal=&#8221;on&#8221; _builder_version=&#8221;4.21.0&#8243; _module_preset=&#8221;default&#8221; global_colors_info=&#8221;{}&#8221;][et_pb_column type=&#8221;1_3&#8243; _builder_version=&#8221;4.21.0&#8243; _module_preset=&#8221;default&#8221; global_colors_info=&#8221;{}&#8221;][et_pb_button button_url=&#8221;https:\/\/www.elektroskandia.se\/bildnavigering?id=1761&#8243; url_new_window=&#8221;on&#8221; button_text=&#8221;Effektbrytare&#8221; button_alignment=&#8221;center&#8221; _builder_version=&#8221;4.21.0&#8243; _module_preset=&#8221;default&#8221; custom_button=&#8221;on&#8221; button_text_color=&#8221;#E09900&#8243; button_icon=&#8221;&#x3d;||divi||400&#8243; global_colors_info=&#8221;{}&#8221;][\/et_pb_button][\/et_pb_column][et_pb_column type=&#8221;1_3&#8243; _builder_version=&#8221;4.21.0&#8243; _module_preset=&#8221;default&#8221; global_colors_info=&#8221;{}&#8221;][et_pb_button button_url=&#8221;https:\/\/www.elektroskandia.se\/bildnavigering?id=2103&#8243; url_new_window=&#8221;on&#8221; button_text=&#8221;Kontaktorer &#038; Startapp.&#8221; button_alignment=&#8221;center&#8221; _builder_version=&#8221;4.21.0&#8243; _module_preset=&#8221;default&#8221; custom_button=&#8221;on&#8221; button_text_color=&#8221;#E09900&#8243; button_icon=&#8221;&#x3d;||divi||400&#8243; global_colors_info=&#8221;{}&#8221;][\/et_pb_button][\/et_pb_column][et_pb_column type=&#8221;1_3&#8243; _builder_version=&#8221;4.21.0&#8243; _module_preset=&#8221;default&#8221; global_colors_info=&#8221;{}&#8221;][et_pb_button button_url=&#8221;https:\/\/www.elektroskandia.se\/bildnavigering?id=638&#8243; url_new_window=&#8221;on&#8221; button_text=&#8221;Frekvensare &#038; Mjukst.&#8221; button_alignment=&#8221;center&#8221; _builder_version=&#8221;4.21.0&#8243; _module_preset=&#8221;default&#8221; custom_button=&#8221;on&#8221; button_text_color=&#8221;#E09900&#8243; button_icon=&#8221;&#x3d;||divi||400&#8243; global_colors_info=&#8221;{}&#8221;][\/et_pb_button][\/et_pb_column][\/et_pb_row][et_pb_row column_structure=&#8221;1_3,1_3,1_3&#8243; make_equal=&#8221;on&#8221; _builder_version=&#8221;4.21.0&#8243; _module_preset=&#8221;default&#8221; global_colors_info=&#8221;{}&#8221;][et_pb_column type=&#8221;1_3&#8243; _builder_version=&#8221;4.21.0&#8243; _module_preset=&#8221;default&#8221; global_colors_info=&#8221;{}&#8221;][et_pb_button button_url=&#8221;https:\/\/www.elektroskandia.se\/bildnavigering?id=10882&#8243; url_new_window=&#8221;on&#8221; button_text=&#8221;Industriell kommunikation&#8221; button_alignment=&#8221;center&#8221; _builder_version=&#8221;4.21.0&#8243; _module_preset=&#8221;default&#8221; custom_button=&#8221;on&#8221; button_text_color=&#8221;#E09900&#8243; button_icon=&#8221;&#x3d;||divi||400&#8243; global_colors_info=&#8221;{}&#8221;][\/et_pb_button][\/et_pb_column][et_pb_column type=&#8221;1_3&#8243; _builder_version=&#8221;4.21.0&#8243; _module_preset=&#8221;default&#8221; global_colors_info=&#8221;{}&#8221;][et_pb_button button_url=&#8221;https:\/\/www.mypaper.se\/html5\/customer\/105\/industri.asp&#8221; url_new_window=&#8221;on&#8221; button_text=&#8221;V\u00e5ra kataloger&#8221; button_alignment=&#8221;center&#8221; _builder_version=&#8221;4.21.0&#8243; _module_preset=&#8221;default&#8221; custom_button=&#8221;on&#8221; button_text_color=&#8221;#E09900&#8243; button_icon=&#8221;&#x3d;||divi||400&#8243; global_colors_info=&#8221;{}&#8221;][\/et_pb_button][\/et_pb_column][et_pb_column type=&#8221;1_3&#8243; _builder_version=&#8221;4.21.0&#8243; _module_preset=&#8221;default&#8221; global_colors_info=&#8221;{}&#8221;][et_pb_button button_url=&#8221;https:\/\/www.elektroskandia.se\/organisation\/hamtapersonal?tjanst=FKI&#038;omrade=Verksamhetsomr%C3%A5de&#8221; url_new_window=&#8221;on&#8221; button_text=&#8221;Kontakta oss p\u00e5 Industri&#8221; button_alignment=&#8221;center&#8221; _builder_version=&#8221;4.22.2&#8243; _module_preset=&#8221;default&#8221; custom_button=&#8221;on&#8221; button_text_color=&#8221;#E09900&#8243; button_icon=&#8221;&#x3d;||divi||400&#8243; global_colors_info=&#8221;{}&#8221;][\/et_pb_button][\/et_pb_column][\/et_pb_row][et_pb_row _builder_version=&#8221;4.21.0&#8243; _module_preset=&#8221;default&#8221; global_colors_info=&#8221;{}&#8221;][et_pb_column type=&#8221;4_4&#8243; _builder_version=&#8221;4.21.0&#8243; _module_preset=&#8221;default&#8221; global_colors_info=&#8221;{}&#8221;][et_pb_divider divider_position=&#8221;center&#8221; _builder_version=&#8221;4.22.2&#8243; global_colors_info=&#8221;{}&#8221;]&nbsp;[\/et_pb_divider][\/et_pb_column][\/et_pb_row][et_pb_row column_structure=&#8221;3_5,2_5&#8243; _builder_version=&#8221;4.21.0&#8243; _module_preset=&#8221;default&#8221; global_colors_info=&#8221;{}&#8221;][et_pb_column type=&#8221;3_5&#8243; _builder_version=&#8221;4.21.0&#8243; _module_preset=&#8221;default&#8221; global_colors_info=&#8221;{}&#8221;][et_pb_text _builder_version=&#8221;4.22.2&#8243; _module_preset=&#8221;default&#8221; global_colors_info=&#8221;{}&#8221;]<\/p>\n<h1>Siemens<\/h1>\n<p><span data-contrast=\"none\">Siemens \u00e4r ett globalt teknikf\u00f6retag som har st\u00e5tt f\u00f6r teknisk spetskompetens, innovation, kvalitet och tillf\u00f6rlitlighet i mer \u00e4n 170 \u00e5r.\u00a0<\/span><span data-ccp-props=\"{&quot;201341983&quot;:0,&quot;335559739&quot;:0,&quot;335559740&quot;:259}\">\u00a0<\/span><\/p>\n<p><span data-contrast=\"none\">Fokusomr\u00e5den \u00e4r kraftproduktion och distribution, intelligent infrastruktur f\u00f6r byggnader, energisystem samt automatisering och digitalisering inom process- och tillverkningsindustrin.\u00a0<\/span><span data-ccp-props=\"{&quot;201341983&quot;:0,&quot;335559739&quot;:0,&quot;335559740&quot;:259}\">\u00a0<\/span><\/p>\n<p><a href=\"http:\/\/www.elektroskandia.se\/siemens\"><span data-contrast=\"none\">Se Siemens produktutbud h\u00e4r<\/span><\/a><span data-ccp-props=\"{&quot;201341983&quot;:0,&quot;335559739&quot;:160,&quot;335559740&quot;:259}\">\u00a0<\/span><\/p>\n<p>[\/et_pb_text][et_pb_text _builder_version=&#8221;4.22.2&#8243; _module_preset=&#8221;default&#8221; global_colors_info=&#8221;{}&#8221;]<\/p>\n<h3><b><span data-contrast=\"auto\"><a href=\"https:\/\/fokus.sonepar.se\/wp-content\/uploads\/2023\/09\/talking.jpg\"><img loading=\"lazy\" decoding=\"async\" src=\"https:\/\/fokus.sonepar.se\/wp-content\/uploads\/2023\/09\/talking-300x137.jpg\" width=\"300\" height=\"137\" alt=\"\" class=\"wp-image-4698 alignright size-medium\" \/><\/a>Talking Digital Industries PODCAST<\/span><\/b><span data-ccp-props=\"{&quot;201341983&quot;:2,&quot;335559739&quot;:480,&quot;335559740&quot;:480}\">\u00a0<\/span><\/h3>\n<p><span data-contrast=\"auto\">Skanna QR-koden med din mobila enhet f\u00f6r att lyssna p\u00e5 podcast<\/span><span data-ccp-props=\"{&quot;201341983&quot;:0,&quot;335559739&quot;:160,&quot;335559740&quot;:259}\">\u00a0<\/span><\/p>\n<p><a href=\"https:\/\/siemens.fm\/public\/podcasts\/2b86ae3666fcbadfcae25dee68a0744efdae3b229b50daab52a94479d51672bf\/details\"><span data-contrast=\"none\">Lyssna p\u00e5 Siemens PODCAST h\u00e4r<\/span><\/a><span data-ccp-props=\"{&quot;201341983&quot;:0,&quot;335559739&quot;:160,&quot;335559740&quot;:259}\">\u00a0<\/span><\/p>\n<p>[\/et_pb_text][\/et_pb_column][et_pb_column type=&#8221;2_5&#8243; _builder_version=&#8221;4.21.0&#8243; _module_preset=&#8221;default&#8221; global_colors_info=&#8221;{}&#8221;][et_pb_image src=&#8221;https:\/\/fokus.sonepar.se\/wp-content\/uploads\/2023\/09\/siemens.jpg&#8221; title_text=&#8221;siemens&#8221; _builder_version=&#8221;4.22.2&#8243; _module_preset=&#8221;default&#8221; global_colors_info=&#8221;{}&#8221;][\/et_pb_image][\/et_pb_column][\/et_pb_row][et_pb_row _builder_version=&#8221;4.21.0&#8243; _module_preset=&#8221;default&#8221; custom_padding=&#8221;||1px|||&#8221; global_colors_info=&#8221;{}&#8221;][et_pb_column type=&#8221;4_4&#8243; _builder_version=&#8221;4.21.0&#8243; _module_preset=&#8221;default&#8221; global_colors_info=&#8221;{}&#8221;][et_pb_divider divider_position=&#8221;center&#8221; _builder_version=&#8221;4.22.2&#8243; global_colors_info=&#8221;{}&#8221;]&nbsp;[\/et_pb_divider][\/et_pb_column][\/et_pb_row][et_pb_row column_structure=&#8221;3_5,2_5&#8243; _builder_version=&#8221;4.21.0&#8243; _module_preset=&#8221;default&#8221; global_colors_info=&#8221;{}&#8221;][et_pb_column type=&#8221;3_5&#8243; _builder_version=&#8221;4.21.0&#8243; _module_preset=&#8221;default&#8221; global_colors_info=&#8221;{}&#8221;][et_pb_text _builder_version=&#8221;4.22.2&#8243; _module_preset=&#8221;default&#8221; global_colors_info=&#8221;{}&#8221;]<\/p>\n<h1><span data-contrast=\"none\" xml:lang=\"SV-SE\" lang=\"SV-SE\" class=\"TextRun SCXW68672626 BCX0\"><span class=\"NormalTextRun SCXW68672626 BCX0\">ABB \u00e4r ledande inom kraft-, installation- och automationsteknik<\/span><\/span><span class=\"EOP SCXW68672626 BCX0\" data-ccp-props=\"{&quot;134233118&quot;:true,&quot;201341983&quot;:0,&quot;335559738&quot;:300,&quot;335559739&quot;:160,&quot;335559740&quot;:240}\">\u00a0<\/span><\/h1>\n<p><span data-contrast=\"none\">Digitala och anslutna innovationer som f\u00f6rb\u00e4ttrar tillf\u00f6rlitligheten och effektiviteten f\u00f6r elinstallationen inom m\u00e5nga omr\u00e5den.\u00a0<\/span><span data-ccp-props=\"{&quot;201341983&quot;:0,&quot;335559739&quot;:0,&quot;335559740&quot;:240}\">\u00a0<\/span><\/p>\n<p><span data-contrast=\"none\">I ABB:s sortiment finner du bland annat v\u00e4lk\u00e4nda serier som free@home, Jussi, Impressivo som \u00e4r produkter f\u00f6r en enklare elinstallation.<\/span><span data-ccp-props=\"{&quot;201341983&quot;:0,&quot;335559739&quot;:0,&quot;335559740&quot;:240}\">\u00a0<\/span><\/p>\n<p><a href=\"http:\/\/www.elektroskandia.se\/abb\"><span>Se ABB\u00b4s produktutbud h\u00e4r<\/span><\/a><span data-ccp-props=\"{&quot;201341983&quot;:0,&quot;335559739&quot;:160,&quot;335559740&quot;:259}\">\u00a0<\/span><\/p>\n<p>[\/et_pb_text][\/et_pb_column][et_pb_column type=&#8221;2_5&#8243; _builder_version=&#8221;4.21.0&#8243; _module_preset=&#8221;default&#8221; global_colors_info=&#8221;{}&#8221;][et_pb_image src=&#8221;https:\/\/fokus.sonepar.se\/wp-content\/uploads\/2023\/09\/abb.jpg&#8221; title_text=&#8221;abb&#8221; _builder_version=&#8221;4.22.2&#8243; _module_preset=&#8221;default&#8221; global_colors_info=&#8221;{}&#8221;][\/et_pb_image][\/et_pb_column][\/et_pb_row][et_pb_row _builder_version=&#8221;4.21.0&#8243; _module_preset=&#8221;default&#8221; global_colors_info=&#8221;{}&#8221;][et_pb_column type=&#8221;4_4&#8243; _builder_version=&#8221;4.21.0&#8243; _module_preset=&#8221;default&#8221; global_colors_info=&#8221;{}&#8221;][et_pb_divider divider_position=&#8221;center&#8221; _builder_version=&#8221;4.22.2&#8243; global_colors_info=&#8221;{}&#8221;]&nbsp;[\/et_pb_divider][\/et_pb_column][\/et_pb_row][et_pb_row column_structure=&#8221;3_5,2_5&#8243; _builder_version=&#8221;4.21.0&#8243; _module_preset=&#8221;default&#8221; global_colors_info=&#8221;{}&#8221;][et_pb_column type=&#8221;3_5&#8243; _builder_version=&#8221;4.21.0&#8243; _module_preset=&#8221;default&#8221; global_colors_info=&#8221;{}&#8221;][et_pb_text _builder_version=&#8221;4.22.2&#8243; _module_preset=&#8221;default&#8221; global_colors_info=&#8221;{}&#8221;]<\/p>\n<h1><span class=\"EOP SCXW68672626 BCX0\" data-ccp-props=\"{&quot;134233118&quot;:true,&quot;201341983&quot;:0,&quot;335559738&quot;:300,&quot;335559739&quot;:160,&quot;335559740&quot;:240}\"><span data-contrast=\"none\">Schneider Electric<\/span> <\/span><\/h1>\n<p><span data-contrast=\"none\">Schneider Electric\u2019s syfte \u00e4r att ge alla m\u00f6jlighet att g\u00f6ra det mesta av v\u00e5r energi och v\u00e5ra resurser som gynnar utveckling och h\u00e5llbarhet f\u00f6r alla. Vi ser till att Life Is On.<\/span><span> <\/span><\/p>\n<p><span data-contrast=\"none\">Ett globalt f\u00f6retag med stark lokal n\u00e4rvaro, som f\u00f6respr\u00e5kar \u00f6ppna standarder och som driver digital transformation i allt fr\u00e5n hem &amp; byggnader till datacenter &amp; industrier.<\/span><span data-ccp-props=\"{&quot;201341983&quot;:0,&quot;335559739&quot;:0,&quot;335559740&quot;:240}\">\u00a0<\/span><\/p>\n<p><a href=\"https:\/\/www.elektroskandia.se\/s?varumarke=schneider-electric\"><span>Se Schneider Electric\u00b4s produktutbud h\u00e4r<\/span><\/a><span data-ccp-props=\"{&quot;201341983&quot;:0,&quot;335559739&quot;:0,&quot;335559740&quot;:259}\">\u00a0<\/span><\/p>\n<p>[\/et_pb_text][\/et_pb_column][et_pb_column type=&#8221;2_5&#8243; _builder_version=&#8221;4.21.0&#8243; _module_preset=&#8221;default&#8221; global_colors_info=&#8221;{}&#8221;][et_pb_image src=&#8221;https:\/\/fokus.sonepar.se\/wp-content\/uploads\/2023\/09\/Schneider.jpg&#8221; title_text=&#8221;Schneider&#8221; _builder_version=&#8221;4.22.2&#8243; _module_preset=&#8221;default&#8221; global_colors_info=&#8221;{}&#8221;][\/et_pb_image][\/et_pb_column][\/et_pb_row][et_pb_row _builder_version=&#8221;4.21.0&#8243; _module_preset=&#8221;default&#8221; global_colors_info=&#8221;{}&#8221;][et_pb_column type=&#8221;4_4&#8243; _builder_version=&#8221;4.21.0&#8243; _module_preset=&#8221;default&#8221; global_colors_info=&#8221;{}&#8221;][et_pb_divider divider_position=&#8221;center&#8221; _builder_version=&#8221;4.22.2&#8243; global_colors_info=&#8221;{}&#8221;]&nbsp;[\/et_pb_divider][\/et_pb_column][\/et_pb_row][et_pb_row column_structure=&#8221;3_5,2_5&#8243; _builder_version=&#8221;4.21.0&#8243; _module_preset=&#8221;default&#8221; global_colors_info=&#8221;{}&#8221;][et_pb_column type=&#8221;3_5&#8243; _builder_version=&#8221;4.21.0&#8243; _module_preset=&#8221;default&#8221; global_colors_info=&#8221;{}&#8221;][et_pb_text _builder_version=&#8221;4.22.2&#8243; _module_preset=&#8221;default&#8221; global_colors_info=&#8221;{}&#8221;]<\/p>\n<h1><span data-contrast=\"none\">Phoenix Contact &#8211; L\u00f6sningar f\u00f6r framtiden<\/span><span data-ccp-props=\"{&quot;134233118&quot;:true,&quot;201341983&quot;:0,&quot;335559738&quot;:300,&quot;335559739&quot;:160,&quot;335559740&quot;:240}\">\u00a0<\/span><\/h1>\n<p><span data-contrast=\"none\">Med ledande anslutnings- och automationsteknik skapar vi l\u00f6sningar f\u00f6r morgondagens v\u00e4rld tillsammans med kunder och partners. Var \u00e4n den beh\u00f6vs \u2013 i infrastrukturen, E-mobility, f\u00f6r rent vatten, f\u00f6rnyelsebar energi och intelligenta f\u00f6rs\u00f6rjningsn\u00e4t eller f\u00f6r energieffektiv maskin- och anl\u00e4ggningsbyggnad.<\/span><span data-ccp-props=\"{&quot;201341983&quot;:0,&quot;335559739&quot;:0,&quot;335559740&quot;:240}\">\u00a0<\/span><\/p>\n<p><a href=\"https:\/\/www.elektroskandia.se\/s?varumarke=phoenix-contact\"><span>Se Phoenix produktutbud h\u00e4r<\/span><\/a><span data-ccp-props=\"{&quot;201341983&quot;:0,&quot;335559739&quot;:0,&quot;335559740&quot;:259}\">\u00a0<\/span><\/p>\n<p>[\/et_pb_text][\/et_pb_column][et_pb_column type=&#8221;2_5&#8243; _builder_version=&#8221;4.21.0&#8243; _module_preset=&#8221;default&#8221; global_colors_info=&#8221;{}&#8221;][et_pb_image src=&#8221;https:\/\/fokus.sonepar.se\/wp-content\/uploads\/2023\/09\/phoenix.jpg&#8221; title_text=&#8221;phoenix&#8221; _builder_version=&#8221;4.22.2&#8243; _module_preset=&#8221;default&#8221; global_colors_info=&#8221;{}&#8221;][\/et_pb_image][\/et_pb_column][\/et_pb_row][et_pb_row _builder_version=&#8221;4.21.0&#8243; _module_preset=&#8221;default&#8221; global_colors_info=&#8221;{}&#8221;][et_pb_column type=&#8221;4_4&#8243; _builder_version=&#8221;4.21.0&#8243; _module_preset=&#8221;default&#8221; global_colors_info=&#8221;{}&#8221;][et_pb_divider divider_position=&#8221;center&#8221; _builder_version=&#8221;4.22.2&#8243; global_colors_info=&#8221;{}&#8221;]&nbsp;[\/et_pb_divider][\/et_pb_column][\/et_pb_row][\/et_pb_section][et_pb_section fb_built=&#8221;1&#8243; _builder_version=&#8221;4.16&#8243; custom_padding=&#8221;1px|0px|54px|0px|false|false&#8221; global_colors_info=&#8221;{}&#8221;][et_pb_row _builder_version=&#8221;4.16&#8243; background_size=&#8221;initial&#8221; background_position=&#8221;top_left&#8221; background_repeat=&#8221;repeat&#8221; global_colors_info=&#8221;{}&#8221;][et_pb_column type=&#8221;4_4&#8243; _builder_version=&#8221;4.16&#8243; custom_padding=&#8221;|||&#8221; global_colors_info=&#8221;{}&#8221; custom_padding__hover=&#8221;|||&#8221;][et_pb_blog fullwidth=&#8221;off&#8221; posts_number=&#8221;9&#8243; include_categories=&#8221;8&#8243; show_more=&#8221;on&#8221; show_author=&#8221;off&#8221; show_date=&#8221;off&#8221; show_categories=&#8221;off&#8221; _builder_version=&#8221;4.16&#8243; global_colors_info=&#8221;{}&#8221;]&nbsp;[\/et_pb_blog][\/et_pb_column][\/et_pb_row][\/et_pb_section]<\/p>\n","protected":false},"excerpt":{"rendered":"<p>V\u00e4lkommen till v\u00e5r adelning f\u00f6r Industri. Sveriges ledande distribut\u00f6r av automation och industrif\u00f6rn\u00f6denheter. V\u00e5r personal har gedigen teknisk kompetens och djup kunskap inom omr\u00e5det Automation. F\u00f6rutom att erbjuda intelligenta och optimala produkter anpassade f\u00f6r varandra, s\u00e4tter v\u00e5ra logistikl\u00f6sningar niv\u00e5n i branschen. Din partner f\u00f6r \u00f6kad effektivitet Se v\u00e5ra automationsprodukter h\u00e4r! L\u00e4s v\u00e5ra nyhetsbrev h\u00e4r!&nbsp;Siemens Siemens [&hellip;]<\/p>\n","protected":false},"author":1,"featured_media":0,"parent":0,"menu_order":0,"comment_status":"closed","ping_status":"closed","template":"","meta":{"_et_pb_use_builder":"on","_et_pb_old_content":"","_et_gb_content_width":"","footnotes":""},"class_list":["post-753","page","type-page","status-publish","hentry"],"_links":{"self":[{"href":"https:\/\/fokus.sonepar.se\/index.php?rest_route=\/wp\/v2\/pages\/753","targetHints":{"allow":["GET"]}}],"collection":[{"href":"https:\/\/fokus.sonepar.se\/index.php?rest_route=\/wp\/v2\/pages"}],"about":[{"href":"https:\/\/fokus.sonepar.se\/index.php?rest_route=\/wp\/v2\/types\/page"}],"author":[{"embeddable":true,"href":"https:\/\/fokus.sonepar.se\/index.php?rest_route=\/wp\/v2\/users\/1"}],"replies":[{"embeddable":true,"href":"https:\/\/fokus.sonepar.se\/index.php?rest_route=%2Fwp%2Fv2%2Fcomments&post=753"}],"version-history":[{"count":0,"href":"https:\/\/fokus.sonepar.se\/index.php?rest_route=\/wp\/v2\/pages\/753\/revisions"}],"wp:attachment":[{"href":"https:\/\/fokus.sonepar.se\/index.php?rest_route=%2Fwp%2Fv2%2Fmedia&parent=753"}],"curies":[{"name":"wp","href":"https:\/\/api.w.org\/{rel}","templated":true}]}}